{"id":10,"date":"2021-08-31T11:48:00","date_gmt":"2021-08-31T09:48:00","guid":{"rendered":"http:\/\/databazeprojektu.zdenkahavlova.com\/?page_id=10"},"modified":"2024-11-27T11:49:51","modified_gmt":"2024-11-27T10:49:51","slug":"o-databazi","status":"publish","type":"page","link":"https:\/\/databazeprojektu.zdenkahavlova.com\/?page_id=10","title":{"rendered":"O datab\u00e1zi"},"content":{"rendered":"\n<p><strong>V\u00fdukov\u00e1 Datab\u00e1ze sou\u010dasn\u00fdch urbanistick\u00fdch projekt\u016f (DataSUP) vznikaj\u00edc\u00ed na p\u016fd\u011b \u00dastavu urbanismu Fakulty architektury \u010cVUT v Praze.<\/strong><\/p>\n\n\n\n<p>Datab\u00e1ze vznik\u00e1 v t\u00fdmu student\u016f p\u0159edm\u011btu Urbanismu 6 \u2013 Tendence pod veden\u00edm doc. Ing. arch. Ireny Fialov\u00e9 a Ing. arch. Zde\u0148ky Havlov\u00e9, Ph.D.<\/p>\n\n\n\n<p>Z\u00e1znamy o projektech jsou zpracov\u00e1ny studenty a obsahuj\u00ed \u00fadaje o projektu, spolu s hodnocen\u00edm. Podkladem pro syst\u00e9m hodnocen\u00ed projekt\u016f jsou: The EU Green Deal 2020, The New European Bauhaus 2020, Davos Declaration 2018, Urban Design Compendium 1&amp; 2, Urban Design: A Typology of Procedures and Products. Hodnocen\u00ed je pro ka\u017ed\u00fd projekt zpracov\u00e1no studenty p\u0159edm\u011btu U6 ve dvou rovin\u00e1ch:<\/p>\n\n\n\n<ul class=\"wp-block-list\">\n<li>kriteri\u00e1ln\u00ed (kategorie projektu, uplatn\u011bn\u00ed urbanistick\u00fdch princip\u016f v m\u011b\u0159\u00edtk\u00e1ch, celkov\u00e9 hodnocen\u00ed projektu)<\/li>\n\n\n\n<li>recenzn\u00ed (souvisl\u00fd text ve form\u011b recenze do odborn\u00e9ho \u010dasopisu)<\/li>\n<\/ul>\n\n\n\n<p><em>N\u00e1zory autor\u016f recenz\u00ed nep\u0159edstavuj\u00ed n\u00e1zory instituce. Datab\u00e1ze slou\u017e\u00ed v\u00fdhradn\u011b k v\u00fdukov\u00fdm \u00fa\u010del\u016fm. Datab\u00e1ze je p\u0159\u00edstupn\u00e1 pouze se s\u00edt\u011b \u010cVUT.<\/em><\/p>\n\n\n\n<h2 class=\"wp-block-heading has-medium-font-size\">Charakter projektu<\/h2>\n\n\n\n<ul class=\"wp-block-list\">\n<li><strong>Total urban design<\/strong> (celkov\u00e1 kontrola jednoho tv\u016fr\u010d\u00edho t\u00fdmu nad velkou oblast\u00ed \u2013 budovy, ve\u0159ejn\u00fd prostor, implementace n\u00e1vrhu)<\/li>\n\n\n\n<li><strong>All-of-a-piece urban design<\/strong> (velk\u00e1 oblast je plo\u0161n\u011b rozd\u011blena a jednotliv\u00e9 \u010d\u00e1sti \u0159\u00edd\u00ed r\u016fzn\u00e9 developersk\u00e9 \/ tv\u016fr\u010d\u00ed t\u00fdmy, kter\u00e9 se \u0159\u00edd\u00ed dle n\u00e1vrhu pro cel\u00e9 \u00fazem\u00ed)<\/li>\n\n\n\n<li><strong>Piece-by-piece urban design<\/strong> (projekty v m\u00edst\u011b p\u0159ich\u00e1zej\u00ed nekoordinovan\u011b dle p\u0159\u00edle\u017eitost\u00ed \u010di mo\u017enost\u00ed trhu, \u0159\u00edd\u00ed se ale m\u00edstn\u00edmi strategiemi a regulativy)<\/li>\n\n\n\n<li><strong>Plug-in urban design<\/strong> (vytvo\u0159en\u00ed infrastruktury v nov\u00e9 \u010di st\u00e1vaj\u00edc\u00ed lokalit\u011b, co kter\u00e9 mohou pozd\u011bji b\u00fdt dopln\u011bny jednotliv\u00e9 projekty)<\/li>\n\n\n\n<li><strong>Renovation<\/strong> (renovace)<\/li>\n<\/ul>\n\n\n\n<h2 class=\"wp-block-heading has-medium-font-size\">Hodnocen\u00ed uplatn\u011bn\u00ed princip\u016f v&nbsp;m\u011b\u0159\u00edtk\u00e1ch<\/h2>\n\n\n\n<ul class=\"wp-block-list\">\n<li><strong>pr\u00e1ce s kontextem<\/strong> (m\u011bstotvornost, m\u00edstnost, lok\u00e1lnost, vztah k okol\u00ed)<\/li>\n\n\n\n<li><strong>adaptabilita vyu\u017eit\u00ed<\/strong> (mix funkc\u00ed, adaptabilita na nov\u00e9, extr\u00e9mn\u00ed a v\u00fdjime\u010dn\u00e9 situace, flexibilita urbanistick\u00e9ho projektu, nov\u00e9 zp\u016fsoby pr\u00e1ce, v\u00fduky a rekreace)<\/li>\n\n\n\n<li><strong>pr\u00e1ce s krajinou<\/strong> (ochrana p\u0159\u00edrody a krajiny, kvalita \u017eivotn\u00edho prost\u0159ed\u00ed)<\/li>\n\n\n\n<li><strong>klimatick\u00e1 adaptabilita<\/strong> (zm\u011bna klimatu, povrchy, tepeln\u00e9 ostrovy, ochlazov\u00e1n\u00ed, vnit\u0159n\u00ed klima)<\/li>\n\n\n\n<li><strong>recyklovateln\u00e9 materi\u00e1ly<\/strong> (p\u0159\u00edrodn\u00ed materi\u00e1ly, environment\u00e1ln\u00ed udr\u017eitelnost)<\/li>\n\n\n\n<li><strong>energetick\u00e1 efektivnost<\/strong> (ekonomick\u00e1 udr\u017eitelnost, nakl\u00e1d\u00e1n\u00ed se zdroji)<\/li>\n\n\n\n<li><strong>digit\u00e1ln\u00ed inovace<\/strong> (informa\u010dn\u00ed spole\u010dnost, nov\u00e1torsk\u00fd p\u0159\u00edstup, m\u00f3dnost nebo udr\u017eitelnost)<\/li>\n\n\n\n<li><strong>vytv\u00e1\u0159en\u00ed propojen\u00ed<\/strong> (prostupnost m\u011bsta, p\u0159\u00edstupnost urb\u00e1nn\u00edho prost\u0159ed\u00ed)<\/li>\n\n\n\n<li><strong>vytv\u00e1\u0159en\u00ed m\u00edst pro lidi<\/strong> (nov\u00e1 ve\u0159ejn\u00e1 prostranstv\u00ed, zpevn\u011bn\u00e1, nezpevn\u011bn\u00e1, lidsk\u00e9 m\u011b\u0159\u00edtko)<\/li>\n\n\n\n<li><strong>mobilita zam\u011b\u0159en\u00e1 na budoucnost<\/strong> (udr\u017eiteln\u00e1 doprava, infrastruktura, p\u011b\u0161\u00ed a bezmotorov\u00e1 doprava, alternativn\u00ed a sd\u00edlen\u00e1 doprava)<\/li>\n\n\n\n<li><strong>obohacen\u00ed st\u00e1vaj\u00edc\u00edho<\/strong> (vztah k p\u016fvodn\u00edmu, n\u00e1vaznost, uv\u011bdom\u011blost, ve\u0159ejn\u00e1 vybavenost, infrastruktura)<\/li>\n\n\n\n<li><strong>soci\u00e1ln\u00ed udr\u017eitelnost<\/strong> (nov\u00e1 soci\u00e1ln\u00ed soudr\u017enost, p\u0159\u00edpadn\u00fd soci\u00e1ln\u00ed distanc, zamezen\u00ed soci\u00e1ln\u00ed separace a segregace)<\/li>\n\n\n\n<li><strong>vztah ve\u0159ejn\u00e9ho a soukrom\u00e9ho<\/strong> (ve\u0159ejn\u00e1 p\u0159\u00edstupnosti, vlastnictv\u00ed, kontrola prost\u0159ed\u00ed, bezpe\u010dnost)<\/li>\n\n\n\n<li><strong>ve\u0159ejn\u00e1 vybavenost<\/strong> (kvalita \u017eivota, zabezpe\u010den\u00ed z\u00e1kladn\u00edch pot\u0159eb, dostupnost slu\u017eeb obyvatel\u016fm)<\/li>\n<\/ul>\n\n\n\n<h2 class=\"wp-block-heading has-medium-font-size\">Hodnocen\u00e1 m\u011b\u0159\u00edtka<\/h2>\n\n\n\n<ul class=\"wp-block-list\">\n<li>m\u011b\u0159\u00edtko budov<\/li>\n\n\n\n<li>m\u011b\u0159\u00edtko bloku \/ ulice<\/li>\n\n\n\n<li>m\u011b\u0159\u00edko lokality<\/li>\n\n\n\n<li>m\u011b\u0159\u00edtko m\u011bsta \/ vesnice<\/li>\n\n\n\n<li>m\u011b\u0159\u00edtko v\u00fdznamn\u00e9ho m\u011bsta<\/li>\n\n\n\n<li>m\u011b\u0159\u00edtko regionu<\/li>\n<\/ul>\n","protected":false},"excerpt":{"rendered":"<p>V\u00fdukov\u00e1 Datab\u00e1ze sou\u010dasn\u00fdch urbanistick\u00fdch projekt\u016f (DataSUP) vznikaj\u00edc\u00ed na p\u016fd\u011b \u00dastavu urbanismu Fakulty architektury \u010cVUT v Praze. Datab\u00e1ze vznik\u00e1 v t\u00fdmu student\u016f p\u0159edm\u011btu Urbanismu 6 \u2013 Tendence pod veden\u00edm doc. Ing. arch. Ireny Fialov\u00e9 a Ing. arch. Zde\u0148ky Havlov\u00e9, Ph.D. Z\u00e1znamy o projektech jsou zpracov\u00e1ny studenty a obsahuj\u00ed \u00fadaje o projektu, spolu s hodnocen\u00edm. Podkladem pro [&hellip;]<\/p>\n","protected":false},"author":1,"featured_media":0,"parent":0,"menu_order":0,"comment_status":"closed","ping_status":"closed","template":"","meta":{"footnotes":""},"class_list":["post-10","page","type-page","status-publish","hentry"],"_links":{"self":[{"href":"https:\/\/databazeprojektu.zdenkahavlova.com\/index.php?rest_route=\/wp\/v2\/pages\/10","targetHints":{"allow":["GET"]}}],"collection":[{"href":"https:\/\/databazeprojektu.zdenkahavlova.com\/index.php?rest_route=\/wp\/v2\/pages"}],"about":[{"href":"https:\/\/databazeprojektu.zdenkahavlova.com\/index.php?rest_route=\/wp\/v2\/types\/page"}],"author":[{"embeddable":true,"href":"https:\/\/databazeprojektu.zdenkahavlova.com\/index.php?rest_route=\/wp\/v2\/users\/1"}],"replies":[{"embeddable":true,"href":"https:\/\/databazeprojektu.zdenkahavlova.com\/index.php?rest_route=%2Fwp%2Fv2%2Fcomments&post=10"}],"version-history":[{"count":9,"href":"https:\/\/databazeprojektu.zdenkahavlova.com\/index.php?rest_route=\/wp\/v2\/pages\/10\/revisions"}],"predecessor-version":[{"id":1565,"href":"https:\/\/databazeprojektu.zdenkahavlova.com\/index.php?rest_route=\/wp\/v2\/pages\/10\/revisions\/1565"}],"wp:attachment":[{"href":"https:\/\/databazeprojektu.zdenkahavlova.com\/index.php?rest_route=%2Fwp%2Fv2%2Fmedia&parent=10"}],"curies":[{"name":"wp","href":"https:\/\/api.w.org\/{rel}","templated":true}]}}