{"id":8,"date":"2021-08-31T11:45:51","date_gmt":"2021-08-31T09:45:51","guid":{"rendered":"http:\/\/databazeprojektu.zdenkahavlova.com\/?page_id=8"},"modified":"2022-12-07T11:30:16","modified_gmt":"2022-12-07T10:30:16","slug":"uvodni-strana","status":"publish","type":"page","link":"https:\/\/databazeprojektu.zdenkahavlova.com\/","title":{"rendered":"\u00davodn\u00ed"},"content":{"rendered":"\n<p class=\"has-text-color\" style=\"color:#0909ff\"><strong>V\u00fdukov\u00e1 <span style=\"text-decoration: underline;\">Datab\u00e1ze sou\u010dasn\u00fdch urbanistick\u00fdch projekt\u016f<\/span> (DataSUP) vznikaj\u00edc\u00ed na p\u016fd\u011b \u00dastavu urbanismu Fakulty architektury \u010cVUT v Praze. <\/strong><\/p>\n\n\n\n<p>Datab\u00e1ze vznik\u00e1 v t\u00fdmu student\u016f p\u0159edm\u011btu Urbanismu 6 &#8211; Tendence pod veden\u00edm doc. Ing. arch. Ireny Fialov\u00e9 a Ing. arch. Zde\u0148ky Havlov\u00e9, Ph.D. <\/p>\n\n\n\n<p>Z\u00e1znamy o projektech jsou zpracov\u00e1ny studenty a obsahuj\u00ed \u00fadaje o projektu, spolu s hodnocen\u00edm. Podkladem pro syst\u00e9m hodnocen\u00ed projekt\u016f jsou: The EU Green Deal 2020, The New European Bauhaus 2020, Davos Declaration 2018, Urban Design Compendium 1&amp; 2, Urban Design: A Typology of Procedures and Products. Hodnocen\u00ed je pro ka\u017ed\u00fd projekt zpracov\u00e1no studenty p\u0159edm\u011btu U6 ve dvou rovin\u00e1ch: <\/p>\n\n\n\n<ul class=\"wp-block-list\">\n<li>kriteri\u00e1ln\u00ed (kategorie projektu, uplatn\u011bn\u00ed urbanistick\u00fdch princip\u016f v m\u011b\u0159\u00edtk\u00e1ch, celkov\u00e9 hodnocen\u00ed projektu)<\/li>\n\n\n\n<li>recenzn\u00ed (souvisl\u00fd text ve form\u011b recenze do odborn\u00e9ho \u010dasopisu)<\/li>\n<\/ul>\n\n\n\n<p><em>N\u00e1zory autor\u016f recenz\u00ed nep\u0159edstavuj\u00ed n\u00e1zory instituce. Datab\u00e1ze slou\u017e\u00ed v\u00fdhradn\u011b k v\u00fdukov\u00fdm \u00fa\u010del\u016fm. Datab\u00e1ze je p\u0159\u00edstupn\u00e1 pouze se s\u00edt\u011b \u010cVUT.<\/em><\/p>\n\n\n <form class=\"hp-form--wide hp-form--primary hp-block hp-form hp-form--listing-search\" action=\"https:\/\/databazeprojektu.zdenkahavlova.com\" method=\"GET\" data-component=\"form\"><div class=\"hp-form__messages\" data-component=\"messages\"><\/div><div class=\"hp-form__fields\"><input type=\"hidden\" name=\"post_type\" value=\"hp_listing\" class=\"hp-field hp-field--hidden\"><input type=\"hidden\" name=\"latitude\" value=\"\" data-coordinate=\"lat\" class=\"hp-field hp-field--hidden\"><input type=\"hidden\" name=\"longitude\" value=\"\" data-coordinate=\"lng\" class=\"hp-field hp-field--hidden\"><select name=\"_category\" class=\"hp-field hp-field--hidden\"><option value=\"\">V\u0161echny kategorie<\/option><option value=\"8\">Total urban design<\/option><option value=\"9\">All-of-a-piece urban design<\/option><option value=\"10\">Piece-by-piece urban design<\/option><option value=\"11\">Plug-in urban design<\/option><option value=\"12\">Renovation<\/option><\/select><div class=\"hp-form__field hp-form__field--search\"><input type=\"search\" name=\"s\" value=\"\" placeholder=\"Kl\u00ed\u010dov\u00e1 slova\" maxlength=\"256\" class=\"hp-field hp-field--search\"><\/div><div class=\"hp-form__field hp-form__field--location\"><div data-format=\"\" data-countries=\"[&quot;CZ&quot;]\" data-region-types=\"[&quot;place&quot;,&quot;district&quot;,&quot;region&quot;,&quot;country&quot;]\" data-component=\"location\" class=\"hp-field hp-field--location\"><input type=\"text\" name=\"location\" value=\"\" autocomplete=\"off\" placeholder=\"Um\u00edst\u011bn\u00ed\" maxlength=\"256\" class=\"hp-field hp-field--text\"><a href=\"#\" title=\"Moje pozice\"><i class=\"hp-icon fas fa-location-arrow\"><\/i><\/a><\/div><\/div><\/div><div class=\"hp-form__footer\"><button type=\"submit\" class=\"hp-form__button button-primary alt button hp-field hp-field--submit\"><span>Hledat<\/span><\/button><\/div><\/form>\n\n <div class=\"hp-listing-categories hp-grid hp-block\"><div class=\"hp-row\"><div class=\"hp-grid__item hp-col-sm-4 hp-col-xs-12\"><article class=\"hp-listing-category hp-listing-category--view-block\"><header class=\"hp-listing-category__header\"><div class=\"hp-listing-category__image\">\n\t<a href=\"https:\/\/databazeprojektu.zdenkahavlova.com\/?hp_listing_category=total-urban-design\">\n\t\t\t\t\t<img decoding=\"async\" src=\"https:\/\/databazeprojektu.zdenkahavlova.com\/wp-content\/uploads\/2021\/12\/obaly-kategorie_Kreslici-platno-1-1.png\" alt=\"Total urban design\" loading=\"lazy\">\n\t\t\t<\/a>\n<\/div>\n<div class=\"hp-listing-category__item-count hp-listing-category__count\">31 polo\u017eek<\/div>\n<\/header><div class=\"hp-listing-category__content\"><h3 class=\"hp-listing-category__name\"><a href=\"https:\/\/databazeprojektu.zdenkahavlova.com\/?hp_listing_category=total-urban-design\">Total urban design<\/a>\n<\/h3><div class=\"hp-listing-category__details hp-listing-category__details--primary\"><div class=\"hp-listing-category__item-count hp-listing-category__count\">31 polo\u017eek<\/div>\n<\/div><\/div><\/article><\/div><div class=\"hp-grid__item hp-col-sm-4 hp-col-xs-12\"><article class=\"hp-listing-category hp-listing-category--view-block\"><header class=\"hp-listing-category__header\"><div class=\"hp-listing-category__image\">\n\t<a href=\"https:\/\/databazeprojektu.zdenkahavlova.com\/?hp_listing_category=piece-by-piece-urban-design\">\n\t\t\t\t\t<img decoding=\"async\" src=\"https:\/\/databazeprojektu.zdenkahavlova.com\/wp-content\/uploads\/2021\/12\/obaly-kategorie_Kreslici-platno-1-kopie-2-1.png\" alt=\"Piece-by-piece urban design\" loading=\"lazy\">\n\t\t\t<\/a>\n<\/div>\n<div class=\"hp-listing-category__item-count hp-listing-category__count\">28 polo\u017eek<\/div>\n<\/header><div class=\"hp-listing-category__content\"><h3 class=\"hp-listing-category__name\"><a href=\"https:\/\/databazeprojektu.zdenkahavlova.com\/?hp_listing_category=piece-by-piece-urban-design\">Piece-by-piece urban design<\/a>\n<\/h3><div class=\"hp-listing-category__details hp-listing-category__details--primary\"><div class=\"hp-listing-category__item-count hp-listing-category__count\">28 polo\u017eek<\/div>\n<\/div><\/div><\/article><\/div><div class=\"hp-grid__item hp-col-sm-4 hp-col-xs-12\"><article class=\"hp-listing-category hp-listing-category--view-block\"><header class=\"hp-listing-category__header\"><div class=\"hp-listing-category__image\">\n\t<a href=\"https:\/\/databazeprojektu.zdenkahavlova.com\/?hp_listing_category=all-of-a-piece-urban-design\">\n\t\t\t\t\t<img decoding=\"async\" src=\"https:\/\/databazeprojektu.zdenkahavlova.com\/wp-content\/uploads\/2021\/12\/obaly-kategorie_Kreslici-platno-1-kopie-1.png\" alt=\"All-of-a-piece urban design\" loading=\"lazy\">\n\t\t\t<\/a>\n<\/div>\n<div class=\"hp-listing-category__item-count hp-listing-category__count\">21 polo\u017eek<\/div>\n<\/header><div class=\"hp-listing-category__content\"><h3 class=\"hp-listing-category__name\"><a href=\"https:\/\/databazeprojektu.zdenkahavlova.com\/?hp_listing_category=all-of-a-piece-urban-design\">All-of-a-piece urban design<\/a>\n<\/h3><div class=\"hp-listing-category__details hp-listing-category__details--primary\"><div class=\"hp-listing-category__item-count hp-listing-category__count\">21 polo\u017eek<\/div>\n<\/div><\/div><\/article><\/div><div class=\"hp-grid__item hp-col-sm-4 hp-col-xs-12\"><article class=\"hp-listing-category hp-listing-category--view-block\"><header class=\"hp-listing-category__header\"><div class=\"hp-listing-category__image\">\n\t<a href=\"https:\/\/databazeprojektu.zdenkahavlova.com\/?hp_listing_category=renovation\">\n\t\t\t\t\t<img decoding=\"async\" src=\"https:\/\/databazeprojektu.zdenkahavlova.com\/wp-content\/uploads\/2021\/12\/obaly-kategorie_Kreslici-platno-1-kopie-4-1.png\" alt=\"Renovation\" loading=\"lazy\">\n\t\t\t<\/a>\n<\/div>\n<div class=\"hp-listing-category__item-count hp-listing-category__count\">16 polo\u017eek<\/div>\n<\/header><div class=\"hp-listing-category__content\"><h3 class=\"hp-listing-category__name\"><a href=\"https:\/\/databazeprojektu.zdenkahavlova.com\/?hp_listing_category=renovation\">Renovation<\/a>\n<\/h3><div class=\"hp-listing-category__details hp-listing-category__details--primary\"><div class=\"hp-listing-category__item-count hp-listing-category__count\">16 polo\u017eek<\/div>\n<\/div><\/div><\/article><\/div><div class=\"hp-grid__item hp-col-sm-4 hp-col-xs-12\"><article class=\"hp-listing-category hp-listing-category--view-block\"><header class=\"hp-listing-category__header\"><div class=\"hp-listing-category__image\">\n\t<a href=\"https:\/\/databazeprojektu.zdenkahavlova.com\/?hp_listing_category=plug-in-urban-design\">\n\t\t\t\t\t<img decoding=\"async\" src=\"https:\/\/databazeprojektu.zdenkahavlova.com\/wp-content\/uploads\/2021\/12\/obaly-kategorie_Kreslici-platno-1-kopie-3-1.png\" alt=\"Plug-in urban design\" loading=\"lazy\">\n\t\t\t<\/a>\n<\/div>\n<div class=\"hp-listing-category__item-count hp-listing-category__count\">8 polo\u017eek<\/div>\n<\/header><div class=\"hp-listing-category__content\"><h3 class=\"hp-listing-category__name\"><a href=\"https:\/\/databazeprojektu.zdenkahavlova.com\/?hp_listing_category=plug-in-urban-design\">Plug-in urban design<\/a>\n<\/h3><div class=\"hp-listing-category__details hp-listing-category__details--primary\"><div class=\"hp-listing-category__item-count hp-listing-category__count\">8 polo\u017eek<\/div>\n<\/div><\/div><\/article><\/div><\/div><\/div>","protected":false},"excerpt":{"rendered":"<p>V\u00fdukov\u00e1 Datab\u00e1ze sou\u010dasn\u00fdch urbanistick\u00fdch projekt\u016f (DataSUP) vznikaj\u00edc\u00ed na p\u016fd\u011b \u00dastavu urbanismu Fakulty architektury \u010cVUT v Praze. Datab\u00e1ze vznik\u00e1 v t\u00fdmu student\u016f p\u0159edm\u011btu Urbanismu 6 &#8211; Tendence pod veden\u00edm doc. Ing. arch. Ireny Fialov\u00e9 a Ing. arch. Zde\u0148ky Havlov\u00e9, Ph.D. Z\u00e1znamy o projektech jsou zpracov\u00e1ny studenty a obsahuj\u00ed \u00fadaje o projektu, spolu s hodnocen\u00edm. Podkladem pro [&hellip;]<\/p>\n","protected":false},"author":1,"featured_media":0,"parent":0,"menu_order":0,"comment_status":"closed","ping_status":"closed","template":"","meta":{"footnotes":""},"class_list":["post-8","page","type-page","status-publish","hentry"],"_links":{"self":[{"href":"https:\/\/databazeprojektu.zdenkahavlova.com\/index.php?rest_route=\/wp\/v2\/pages\/8","targetHints":{"allow":["GET"]}}],"collection":[{"href":"https:\/\/databazeprojektu.zdenkahavlova.com\/index.php?rest_route=\/wp\/v2\/pages"}],"about":[{"href":"https:\/\/databazeprojektu.zdenkahavlova.com\/index.php?rest_route=\/wp\/v2\/types\/page"}],"author":[{"embeddable":true,"href":"https:\/\/databazeprojektu.zdenkahavlova.com\/index.php?rest_route=\/wp\/v2\/users\/1"}],"replies":[{"embeddable":true,"href":"https:\/\/databazeprojektu.zdenkahavlova.com\/index.php?rest_route=%2Fwp%2Fv2%2Fcomments&post=8"}],"version-history":[{"count":24,"href":"https:\/\/databazeprojektu.zdenkahavlova.com\/index.php?rest_route=\/wp\/v2\/pages\/8\/revisions"}],"predecessor-version":[{"id":727,"href":"https:\/\/databazeprojektu.zdenkahavlova.com\/index.php?rest_route=\/wp\/v2\/pages\/8\/revisions\/727"}],"wp:attachment":[{"href":"https:\/\/databazeprojektu.zdenkahavlova.com\/index.php?rest_route=%2Fwp%2Fv2%2Fmedia&parent=8"}],"curies":[{"name":"wp","href":"https:\/\/api.w.org\/{rel}","templated":true}]}}